{"id":12,"date":"2014-08-23T01:08:47","date_gmt":"2014-08-22T23:08:47","guid":{"rendered":"http:\/\/www.werbeagentur-davinci.de\/dasuer\/?page_id=12"},"modified":"2019-02-23T13:34:40","modified_gmt":"2019-02-23T11:34:40","slug":"leistungen","status":"publish","type":"page","link":"https:\/\/www.werbeagentur-davinci.de\/dasuer\/leistungen\/","title":{"rendered":"Leistungen"},"content":{"rendered":"<p>[vc_row row_type=&#8220;row&#8220; use_row_as_full_screen_section=&#8220;no&#8220; type=&#8220;full_width&#8220; text_align=&#8220;left&#8220; background_animation=&#8220;none&#8220; css_animation=&#8220;&#8220;][vc_column][\/vc_column][\/vc_row][vc_row row_type=&#8220;row&#8220; use_row_as_full_screen_section=&#8220;no&#8220; type=&#8220;full_width&#8220; text_align=&#8220;center&#8220; background_animation=&#8220;none&#8220; padding_bottom=&#8220;40&#8243; css_animation=&#8220;&#8220;][vc_column][vc_column_text]<\/p>\n<h2>Vom Druck bis zum Event:<br \/>\nWir sind Ihre Full-Service-Agentur<\/h2>\n<p>[\/vc_column_text][vc_separator type=&#8220;normal&#8220; border_style=&#8220;&#8220; up=&#8220;20&#8243; down=&#8220;20&#8243;][vc_row_inner row_type=&#8220;row&#8220; type=&#8220;full_width&#8220; use_row_as_full_screen_section_slide=&#8220;no&#8220; text_align=&#8220;left&#8220; padding_bottom=&#8220;20&#8243; css_animation=&#8220;&#8220;][vc_column_inner width=&#8220;2\/3&#8243;][vc_column_text]Wir werden gerne vor immer neue Herausforderungen gestellt und scheuen keine M\u00fche, auch diese zu bew\u00e4ltigen. Egal ob Print, Web, Konzeption oder Events. Wir finden f\u00fcr Sie\u00a0individuelle und ma\u00dfgeschneiderte L\u00f6sungen, um Ihre W\u00fcnsche und Projekte von der besten Seite zu pr\u00e4sentieren.[\/vc_column_text][\/vc_column_inner][vc_column_inner width=&#8220;1\/3&#8243;][vc_single_image image=&#8220;21221&#8243; img_size=&#8220;large&#8220; alignment=&#8220;center&#8220; qode_css_animation=&#8220;&#8220;][\/vc_column_inner][\/vc_row_inner][\/vc_column][\/vc_row][vc_row row_type=&#8220;row&#8220; use_row_as_full_screen_section=&#8220;no&#8220; type=&#8220;full_width&#8220; text_align=&#8220;left&#8220; background_animation=&#8220;none&#8220; padding_bottom=&#8220;40&#8243; css_animation=&#8220;&#8220;][vc_column width=&#8220;1\/3&#8243;]<span class=\"fa-stack q_icon_shortcode circle q_font_awsome_icon_holder q_font_awsome_icon_circle fa-4x pull-center \" style=\"color: #ffffff;background-color: #e6ae48;margin: 0px, 0px, 15px, 0px;font-size: 30px; \"data-hover-background-color=#686868 ><a href=\"https:\/\/www.werbeagentur-davinci.de\/dasuer\/konzeption-kommunikation\/\" target=\"_self\"><i class=\"fa fa-compass\"><\/i><\/a><\/span>[vc_empty_space height=&#8220;40px&#8220;][vc_column_text]<\/p>\n<h5 style=\"text-align: center;\">Konzeption<\/h5>\n<p>&nbsp;<\/p>\n<p style=\"text-align: center;\">Ein individuelles Firmenbild ist ebenso wichtig wie die einheitliche Gestaltung Ihres Auftretens \u2013 von Logo, \u00fcber Visitenkarten, bis hin zur perfekt angepassten Website. Wir entwickeln f\u00fcr Sie eine passende Firmenidentit\u00e4t, die Ihr Unternehmen widerspiegelt und einen seri\u00f6sen Eindruck garantiert.<\/p>\n<p style=\"text-align: center;\"><a href=\"https:\/\/www.werbeagentur-davinci.de\/dasuer\/konzeption-kommunikation\/\">Mehr Infos!<\/a><\/p>\n<p>[\/vc_column_text][\/vc_column][vc_column width=&#8220;1\/3&#8243;]<span class=\"fa-stack q_icon_shortcode circle q_font_awsome_icon_holder q_font_awsome_icon_circle fa-4x pull-center \" style=\"color: #ffffff;background-color: #e6ae48;margin: 0px, 0px, 15px, 0px;font-size: 30px; \"data-hover-background-color=#686868 ><a href=\"http:\/\/www.werbeagentur-davinci.de\/dasuer\/events-veranstaltungen\/\" target=\"_self\"><i class=\"fa fa-star\"><\/i><\/a><\/span>[vc_empty_space height=&#8220;40px&#8220;][vc_column_text]<\/p>\n<h5 style=\"text-align: center;\">Event<\/h5>\n<p>&nbsp;<\/p>\n<p style=\"text-align: center;\">Sie planen eine Veranstaltung \u2013 firmenintern, \u00f6ffentlich oder privat? Gerne stehen wir Ihnen mit Rat und Tat zur Seite. Von der Konzeption, \u00fcber die K\u00fcnstlervermittlung, bis hin zu allen erforderlichen Drucksachen und Steuerung der Abl\u00e4ufe organisieren wir Ihr Event.<\/p>\n<p style=\"text-align: center;\"><a href=\"http:\/\/www.werbeagentur-davinci.de\/dasuer\/leistungen\/events-veranstaltungen\/\">Mehr Infos!<\/a><\/p>\n<p>[\/vc_column_text][\/vc_column][vc_column width=&#8220;1\/3&#8243;]<span class=\"fa-stack q_icon_shortcode circle q_font_awsome_icon_holder q_font_awsome_icon_circle fa-4x pull-center \" style=\"color: #ffffff;background-color: #e6ae48;margin: 0px, 0px, 15px, 0px;font-size: 30px; \"data-hover-background-color=#686868 ><a href=\"https:\/\/www.werbeagentur-davinci.de\/dasuer\/werbetechnik-merchandising\/\" target=\"_self\"><i class=\"fa fa-paper-plane\"><\/i><\/a><\/span>[vc_empty_space height=&#8220;40px&#8220;][vc_column_text]<\/p>\n<h5 style=\"text-align: center;\">Werbetechnik<\/h5>\n<p>&nbsp;<\/p>\n<p style=\"text-align: center;\">Auf sich aufmerksam zu machen und bei Kunden langfristig in Erinnerung zu bleiben sind wichtige Aspekte f\u00fcr ein Unternehmen. Passende Mittel dazu sind Werbetechnik und Werbemittel. Gerne beraten wir Sie, um gemeinsam die f\u00fcr Ihr Unternehmen passende L\u00f6sung zu finden.<\/p>\n<p style=\"text-align: center;\"><a href=\"http:\/\/www.werbeagentur-davinci.de\/dasuer\/leistungen\/werbetechnik-merchandising\/\">Mehr Infos!<\/a><\/p>\n<p>[\/vc_column_text][\/vc_column][\/vc_row][vc_row row_type=&#8220;row&#8220; use_row_as_full_screen_section=&#8220;no&#8220; type=&#8220;full_width&#8220; text_align=&#8220;left&#8220; background_animation=&#8220;none&#8220; padding_bottom=&#8220;40&#8243; css_animation=&#8220;&#8220;][vc_column width=&#8220;1\/3&#8243;]<span class=\"fa-stack q_icon_shortcode circle q_font_awsome_icon_holder q_font_awsome_icon_circle fa-4x pull-center \" style=\"color: #ffffff;background-color: #e6ae48;margin: 0px, 0px, 15px, 0px;font-size: 30px; \"data-hover-background-color=#686868 ><a href=\"https:\/\/www.werbeagentur-davinci.de\/dasuer\/konzeption-kommunikation\/\" target=\"_self\"><i class=\"fa fa-print\"><\/i><\/a><\/span>[vc_empty_space height=&#8220;40px&#8220;][vc_column_text]<\/p>\n<h5 style=\"text-align: center;\">Druck und Gestaltung<\/h5>\n<p>&nbsp;<\/p>\n<p style=\"text-align: center;\">Es gibt viele Druckerzeugnisse, die Ihr Unternehmen widerspiegeln k\u00f6nnen und sollen. Wir gestalten und drucken f\u00fcr Sie alle g\u00e4ngigen Druckprodukte und noch vieles mehr \u2013 von der ersten Skizze, \u00fcber die Wahl des Materials und der passenden Gr\u00f6\u00dfe, bis hin zur Druck\u00fcberwachung und Auslieferung.<\/p>\n<p style=\"text-align: center;\"><a href=\"https:\/\/www.werbeagentur-davinci.de\/dasuer\/druck-gestaltung\/\">Mehr Infos!<\/a><\/p>\n<p>[\/vc_column_text][\/vc_column][vc_column width=&#8220;1\/3&#8243;]<span class=\"fa-stack q_icon_shortcode circle q_font_awsome_icon_holder q_font_awsome_icon_circle fa-4x pull-center \" style=\"color: #ffffff;background-color: #e6ae48;margin: 0px, 0px, 15px, 0px;font-size: 30px; \"data-hover-background-color=#686868 ><a href=\"https:\/\/www.werbeagentur-davinci.de\/dasuer\/werbetechnik-merchandising\/\" target=\"_self\"><i class=\"fa fa-wordpress\"><\/i><\/a><\/span>[vc_empty_space height=&#8220;40px&#8220;][vc_column_text]<\/p>\n<h5 style=\"text-align: center;\">Webdesign<\/h5>\n<p>&nbsp;<\/p>\n<p style=\"text-align: center;\">Von der einfachen Webseite als Visitenkarte, bis zum komplexen CMS oder Shopsystem.<\/p>\n<p style=\"text-align: center;\"><a href=\"https:\/\/www.werbeagentur-davinci.de\/dasuer\/webdesign-multimedia\/\">Mehr Infos!<\/a><\/p>\n<p>[\/vc_column_text][\/vc_column][vc_column width=&#8220;1\/3&#8243;]<span class=\"fa-stack q_icon_shortcode circle q_font_awsome_icon_holder q_font_awsome_icon_circle fa-4x pull-center \" style=\"color: #ffffff;background-color: #e6ae48;margin: 0px, 0px, 15px, 0px;font-size: 30px; \"data-hover-background-color=#686868 ><a href=\"http:\/\/www.werbeagentur-davinci.de\/dasuer\/events-veranstaltungen\/\" target=\"_self\"><i class=\"fa fa-video-camera\"><\/i><\/a><\/span>[vc_empty_space height=&#8220;40px&#8220;][vc_column_text]<\/p>\n<h5 style=\"text-align: center;\">Multimedia<\/h5>\n<p>&nbsp;<\/p>\n<p style=\"text-align: center;\">Pr\u00e4sentieren Sie Ihr Unternehmen vom einfachen Video bis zur interaktiven Multimediaproduktion.<\/p>\n<p style=\"text-align: center;\"><a href=\"https:\/\/www.werbeagentur-davinci.de\/dasuer\/webdesign-multimedia\/\">Mehr Infos!<\/a><\/p>\n<p>[\/vc_column_text][\/vc_column][\/vc_row][vc_row row_type=&#8220;row&#8220; use_row_as_full_screen_section=&#8220;no&#8220; type=&#8220;full_width&#8220; text_align=&#8220;left&#8220; background_animation=&#8220;none&#8220; css_animation=&#8220;&#8220;][vc_column][\/vc_column][\/vc_row]<\/p>\n","protected":false},"excerpt":{"rendered":"<p>[vc_row row_type=&#8220;row&#8220; use_row_as_full_screen_section=&#8220;no&#8220; type=&#8220;full_width&#8220; text_align=&#8220;left&#8220; background_animation=&#8220;none&#8220; css_animation=&#8220;&#8220;][vc_column][\/vc_column][\/vc_row][vc_row row_type=&#8220;row&#8220; use_row_as_full_screen_section=&#8220;no&#8220; type=&#8220;full_width&#8220; text_align=&#8220;center&#8220; background_animation=&#8220;none&#8220; padding_bottom=&#8220;40&#8243; css_animation=&#8220;&#8220;][vc_column][vc_column_text] Vom Druck bis zum Event: Wir sind Ihre Full-Service-Agentur [\/vc_column_text][vc_separator type=&#8220;normal&#8220; border_style=&#8220;&#8220; up=&#8220;20&#8243; down=&#8220;20&#8243;][vc_row_inner row_type=&#8220;row&#8220; type=&#8220;full_width&#8220; use_row_as_full_screen_section_slide=&#8220;no&#8220; text_align=&#8220;left&#8220; padding_bottom=&#8220;20&#8243; css_animation=&#8220;&#8220;][vc_column_inner width=&#8220;2\/3&#8243;][vc_column_text]Wir werden gerne vor immer neue Herausforderungen gestellt und scheuen keine&#8230;<\/p>\n","protected":false},"author":2,"featured_media":0,"parent":0,"menu_order":3,"comment_status":"open","ping_status":"open","template":"","meta":{"footnotes":""},"class_list":["post-12","page","type-page","status-publish","hentry"],"_links":{"self":[{"href":"https:\/\/www.werbeagentur-davinci.de\/dasuer\/wp-json\/wp\/v2\/pages\/12"}],"collection":[{"href":"https:\/\/www.werbeagentur-davinci.de\/dasuer\/wp-json\/wp\/v2\/pages"}],"about":[{"href":"https:\/\/www.werbeagentur-davinci.de\/dasuer\/wp-json\/wp\/v2\/types\/page"}],"author":[{"embeddable":true,"href":"https:\/\/www.werbeagentur-davinci.de\/dasuer\/wp-json\/wp\/v2\/users\/2"}],"replies":[{"embeddable":true,"href":"https:\/\/www.werbeagentur-davinci.de\/dasuer\/wp-json\/wp\/v2\/comments?post=12"}],"version-history":[{"count":32,"href":"https:\/\/www.werbeagentur-davinci.de\/dasuer\/wp-json\/wp\/v2\/pages\/12\/revisions"}],"predecessor-version":[{"id":22004,"href":"https:\/\/www.werbeagentur-davinci.de\/dasuer\/wp-json\/wp\/v2\/pages\/12\/revisions\/22004"}],"wp:attachment":[{"href":"https:\/\/www.werbeagentur-davinci.de\/dasuer\/wp-json\/wp\/v2\/media?parent=12"}],"curies":[{"name":"wp","href":"https:\/\/api.w.org\/{rel}","templated":true}]}}