{"id":20634,"date":"2014-07-09T07:54:08","date_gmt":"2014-07-09T07:54:08","guid":{"rendered":"http:\/\/demo.select-themes.com\/stockholm8\/?page_id=20634"},"modified":"2024-02-07T11:22:54","modified_gmt":"2024-02-07T09:22:54","slug":"home-standard-fullscreen","status":"publish","type":"page","link":"https:\/\/www.werbeagentur-davinci.de\/dasuer\/","title":{"rendered":"Full-Service-Werbeagentur aus Selm"},"content":{"rendered":"<p>[vc_row row_type=&#8220;row&#8220; use_row_as_full_screen_section=&#8220;no&#8220; type=&#8220;full_width&#8220; text_align=&#8220;left&#8220; background_animation=&#8220;none&#8220; css_animation=&#8220;&#8220;][vc_column][vc_row_inner row_type=&#8220;row&#8220; type=&#8220;grid&#8220; use_row_as_full_screen_section_slide=&#8220;no&#8220; text_align=&#8220;left&#8220; padding_top=&#8220;95&#8243; css_animation=&#8220;&#8220;][vc_column_inner width=&#8220;1\/3&#8243;]<span class=\"fa-stack q_icon_shortcode circle q_font_awsome_icon_holder q_font_awsome_icon_circle fa-4x pull-center \" style=\"color: #ffffff;background-color: #e6ae48;margin: 0px, 0px, 15px, 0px;font-size: 40px; \"data-hover-background-color=#686868 data-hover-color=#ffffff ><a href=\".\/?page_id=6\" target=\"_self\"><i class=\"fa fa-lightbulb-o\"><\/i><\/a><\/span>[vc_empty_space height=&#8220;40px&#8220;][vc_column_text]<\/p>\n<h5 style=\"text-align: center;\">Kreativk\u00f6pfe gesucht?<\/h5>\n<p>&nbsp;<\/p>\n<p style=\"text-align: center;\">Dann sind Sie bei uns an der richtigen Adresse! Gerne beraten wir Sie zu allen m\u00f6glichen und unm\u00f6glichen gestalterischen Ideen und finden gemeinsam mit Ihnen den passenden L\u00f6sungsansatz!<\/p>\n<p>&nbsp;<\/p>\n<p style=\"text-align: center;\"><a href=\"https:\/\/www.werbeagentur-davinci.de\/dasuer\/ueber-uns\/\">Sprechen Sie uns an!<\/a><\/p>\n<p>[\/vc_column_text][\/vc_column_inner][vc_column_inner width=&#8220;1\/3&#8243;]<span class=\"fa-stack q_icon_shortcode circle q_font_awsome_icon_holder q_font_awsome_icon_circle fa-4x pull-center \" style=\"color: #ffffff;background-color: #e6ae48;margin: 0px, 0px, 15px, 0px;font-size: 40px; \"data-hover-background-color=#686868 data-hover-color=#ffffff ><a href=\".\/?page_id=12\" target=\"_self\"><i class=\"fa fa-cog\"><\/i><\/a><\/span>[vc_empty_space height=&#8220;40px&#8220;][vc_column_text]<\/p>\n<h5 style=\"text-align: center;\">Unsere Leistungen<\/h5>\n<p>&nbsp;<\/p>\n<p style=\"text-align: center;\">Wir werden gerne immer vor neue Herausforderungen gestellt und scheuen keine M\u00fchen, auch diese zu bew\u00e4ltigen; egal ob Print, Web,<br \/>\nKonzeption oder Events.<\/p>\n<p>&nbsp;<\/p>\n<p style=\"text-align: center;\"><a href=\".\/?page_id=12\">Wir finden die richtige L\u00f6sung f\u00fcr Sie!<\/a><\/p>\n<p>[\/vc_column_text][\/vc_column_inner][vc_column_inner width=&#8220;1\/3&#8243;]<span class=\"fa-stack q_icon_shortcode circle q_font_awsome_icon_holder q_font_awsome_icon_circle fa-4x pull-center \" style=\"color: #ffffff;background-color: #e6ae48;margin: 0px, 0px, 15px, 0px;font-size: 40px; \"data-hover-background-color=#686868 data-hover-color=#ffffff ><a href=\".\/?page_id=21435\" target=\"_self\"><i class=\"fa fa-info\"><\/i><\/a><\/span>[vc_empty_space height=&#8220;40px&#8220;][vc_column_text]<\/p>\n<h5 style=\"text-align: center;\">Unsere Events<\/h5>\n<p>&nbsp;<\/p>\n<p style=\"text-align: center;\">Wir sind Veranstalter und Organisator diverser Events und Feste; ob Stadtfeste, M\u00e4rkte oder Gesch\u00e4ftsfeiern, wir sind Ihr Ansprechpartner. Eine \u00dcbersicht unserer Veranstaltungen mit allen Infos finden Sie hier!<\/p>\n<p>&nbsp;<\/p>\n<p style=\"text-align: center;\"><a href=\"https:\/\/www.werbeagentur-davinci.de\/dasuer\/unsere-events\/\">Zu den Events!<\/a><\/p>\n<p>[\/vc_column_text][\/vc_column_inner][\/vc_row_inner][\/vc_column][\/vc_row][vc_row row_type=&#8220;row&#8220; use_row_as_full_screen_section=&#8220;no&#8220; type=&#8220;full_width&#8220; text_align=&#8220;left&#8220; background_animation=&#8220;none&#8220; css_animation=&#8220;&#8220;][vc_column][vc_row_inner row_type=&#8220;row&#8220; type=&#8220;grid&#8220; use_row_as_full_screen_section_slide=&#8220;no&#8220; text_align=&#8220;left&#8220; padding_top=&#8220;135&#8243; padding_bottom=&#8220;10&#8243; css_animation=&#8220;&#8220;][vc_column_inner width=&#8220;1\/4&#8243;]<div class='q_icon_with_title  normal_icon center'><div class=\"icon_holder \" style=\"margin: 0px -10px 0px 0px; \"><div class=\"icon_holder_inner\"><span class=\"q_font_elegant_holder normal \" style=\"font-size: 30px;color: #e6ae48;\"><span class=\"icon_text_icon q_font_elegant_icon icon_printer\" aria-hidden=\"true\" style=\"font-size: 30px;\"><\/span><\/span><\/div><\/div><div class=\"icon_text_holder\" style=\"\"><div class=\"icon_text_inner\" style=\"\"><h3 class=\"icon_title\" style=\"\">Vom Entwurf bis zum Produkt<\/h3><p style=''><\/p><a class='icon_with_title_link' href='https:\/\/www.werbeagentur-davinci.de\/dasuer\/konzeption-kommunikation\/' target='_self' style=''>Wir gestalten Ihre Druckprodukte!<\/a><\/div><\/div><\/div>[vc_empty_space height=&#8220;20px&#8220; el_class=&#8220;elementdesk&#8220;][\/vc_column_inner][vc_column_inner width=&#8220;1\/4&#8243;]<div class='q_icon_with_title  normal_icon center'><div class=\"icon_holder \" style=\"margin: 0px -10px 0px 0px; \"><div class=\"icon_holder_inner\"><span class=\"q_font_elegant_holder normal \" style=\"font-size: 30px;color: #e6ae48;\"><span class=\"icon_text_icon q_font_elegant_icon icon_compass_alt\" aria-hidden=\"true\" style=\"font-size: 30px;\"><\/span><\/span><\/div><\/div><div class=\"icon_text_holder\" style=\"\"><div class=\"icon_text_inner\" style=\"\"><h3 class=\"icon_title\" style=\"\">Ganzheitlicher Auftritt eines Unternehmens<\/h3><p style=''><\/p><a class='icon_with_title_link' href='.\/?page_id=21431' target='_self' style=''>Sie ben\u00f6tigen frische Ideen?<\/a><\/div><\/div><\/div>[vc_empty_space height=&#8220;20px&#8220; el_class=&#8220;elementdesk&#8220;][\/vc_column_inner][vc_column_inner width=&#8220;1\/4&#8243;]<div class='q_icon_with_title small normal_icon center'><div class=\"icon_holder \" style=\"margin: 0px -10px 15px 0px; \"><div class=\"icon_holder_inner\"><span style=\"color: #e6ae48;\" class=\"q_font_awsome_icon fa-2x \"><i class=\"icon_text_icon fa fa-paper-plane\"><\/i><\/span><\/div><\/div><div class=\"icon_text_holder\" style=\"\"><div class=\"icon_text_inner\" style=\"\"><h3 class=\"icon_title\" style=\"\">Alle Gr\u00f6\u00dfen, Formen und Materialien<\/h3><p style=''><\/p><a class='icon_with_title_link' href='.\/?page_id=21433' target='_self' style=''>Hier geht's zu den Werbemitteln!<\/a><\/div><\/div><\/div>[vc_empty_space height=&#8220;20px&#8220; el_class=&#8220;elementdesk&#8220;][\/vc_column_inner][vc_column_inner width=&#8220;1\/4&#8243;]<div class='q_icon_with_title  normal_icon center'><div class=\"icon_holder \" style=\"margin: 0px -10px 0px 0px; \"><div class=\"icon_holder_inner\"><span class=\"q_font_elegant_holder normal \" style=\"font-size: 30px;color: #e6ae48;\"><span class=\"icon_text_icon q_font_elegant_icon icon_star\" aria-hidden=\"true\" style=\"font-size: 30px;\"><\/span><\/span><\/div><\/div><div class=\"icon_text_holder\" style=\"\"><div class=\"icon_text_inner\" style=\"\"><h3 class=\"icon_title\" style=\"\">Von Feiern, Jubil\u00e4en und Stadtfesten...<\/h3><p style=''><\/p><a class='icon_with_title_link' href='.\/?page_id=21435' target='_self' style=''>Wir planen Ihr Event!<\/a><\/div><\/div><\/div>[vc_empty_space height=&#8220;20px&#8220; el_class=&#8220;elementdesk&#8220;][\/vc_column_inner][\/vc_row_inner][\/vc_column][\/vc_row][vc_row row_type=&#8220;row&#8220; use_row_as_full_screen_section=&#8220;no&#8220; type=&#8220;full_width&#8220; text_align=&#8220;left&#8220; background_animation=&#8220;none&#8220; css_animation=&#8220;&#8220;][vc_column offset=&#8220;vc_hidden-xs&#8220;][vc_row_inner row_type=&#8220;row&#8220; type=&#8220;grid&#8220; use_row_as_full_screen_section_slide=&#8220;no&#8220; text_align=&#8220;center&#8220; padding_top=&#8220;100&#8243; padding_bottom=&#8220;95&#8243; css_animation=&#8220;&#8220;][vc_column_inner width=&#8220;2\/3&#8243;][vc_column_text]<\/p>\n<h2 style=\"text-align: center;\">SO FINDEN SIE UNS:<\/h2>\n<p>[\/vc_column_text][vc_separator type=&#8220;transparent&#8220; border_style=&#8220;&#8220; up=&#8220;30&#8243;][vc_gmaps link=&#8220;#E-8_JTNDaWZyYW1lJTIwc3JjJTNEJTIyaHR0cHMlM0ElMkYlMkZ3d3cuZ29vZ2xlLmNvbSUyRm1hcHMlMkZlbWJlZCUzRnBiJTNEJTIxMW0xNCUyMTFtOCUyMTFtMyUyMTFkNDk0OS4yMDIxNTI4MTgyMjglMjEyZDcuNDY1MDcyOCUyMTNkNTEuNjY3MTM5OSUyMTNtMiUyMTFpMTAyNCUyMTJpNzY4JTIxNGYxMy4xJTIxM20zJTIxMW0yJTIxMXMweDQ3YjkwNWMzMzYzY2IxZGYlMjUzQTB4NzAwY2NiZGZjZjE3ODdkZCUyMTJzQWdlbnR1ciUyNTIwRGFTdWVyJTI1MkMlMjUyMEolMjVDMyUyNUJDcmdlbiUyNTIwU3VlciUyMTVlMCUyMTNtMiUyMTFzZGUlMjEyc2RlJTIxNHYxNjE0NTIxNjU5MjUyJTIxNW0yJTIxMXNkZSUyMTJzZGUlMjIlMjB3aWR0aCUzRCUyMjYwMCUyMiUyMGhlaWdodCUzRCUyMjQ1MCUyMiUyMHN0eWxlJTNEJTIyYm9yZGVyJTNBMCUzQiUyMiUyMGFsbG93ZnVsbHNjcmVlbiUzRCUyMiUyMiUyMGxvYWRpbmclM0QlMjJsYXp5JTIyJTNFJTNDJTJGaWZyYW1lJTNF&#8220; css=&#8220;.vc_custom_1614521679357{background-position: center !important;background-repeat: no-repeat !important;background-size: cover !important;}&#8220;][\/vc_column_inner][vc_column_inner width=&#8220;1\/3&#8243;][vc_column_text]<\/p>\n<h2 style=\"text-align: center;\">NEUGIERIG GEWORDEN?<\/h2>\n<p>[\/vc_column_text][vc_separator type=&#8220;transparent&#8220; border_style=&#8220;&#8220; up=&#8220;30&#8243;]\n<div class=\"wpcf7 no-js\" id=\"wpcf7-f722-o1\" lang=\"de-DE\" dir=\"ltr\" data-wpcf7-id=\"722\">\n<div class=\"screen-reader-response\"><p role=\"status\" aria-live=\"polite\" aria-atomic=\"true\"><\/p> <ul><\/ul><\/div>\n<form action=\"\/dasuer\/wp-json\/wp\/v2\/pages\/20634#wpcf7-f722-o1\" method=\"post\" class=\"wpcf7-form init default\" aria-label=\"Kontaktformular\" novalidate=\"novalidate\" data-status=\"init\">\n<div style=\"display: none;\">\n<input type=\"hidden\" name=\"_wpcf7\" value=\"722\" \/>\n<input type=\"hidden\" name=\"_wpcf7_version\" value=\"6.0.6\" \/>\n<input type=\"hidden\" name=\"_wpcf7_locale\" value=\"de_DE\" \/>\n<input type=\"hidden\" name=\"_wpcf7_unit_tag\" value=\"wpcf7-f722-o1\" \/>\n<input type=\"hidden\" name=\"_wpcf7_container_post\" value=\"0\" \/>\n<input type=\"hidden\" name=\"_wpcf7_posted_data_hash\" value=\"\" \/>\n<\/div>\n<div class=\"wpcf7-response-output\" aria-hidden=\"true\"><\/div>\n<div style=\"color: #ffffff\">\n\t<div style=\"display: inline-block; width: 100%; padding: 0px 16px 0px 8px; background: rgba(255,255,255,0.6); color: #000;\">\n\t\t<h4><label for=\"your-name\">Ihr Name (Pflichtfeld)<\/label><br \/>\n<span class=\"wpcf7-form-control-wrap\" data-name=\"your-name\"><input size=\"40\" maxlength=\"400\" class=\"wpcf7-form-control wpcf7-text wpcf7-validates-as-required\" id=\"your-name\" aria-required=\"true\" aria-invalid=\"false\" value=\"\" type=\"text\" name=\"your-name\" \/><\/span>\n\t\t<\/h4>\n\t\t<h4><label for=\"your-email\"> Email (Pflichtfeld)<\/label><br \/>\n<span class=\"wpcf7-form-control-wrap\" data-name=\"your-email\"><input size=\"40\" maxlength=\"400\" class=\"wpcf7-form-control wpcf7-email wpcf7-validates-as-required wpcf7-text wpcf7-validates-as-email\" id=\"your-email\" aria-required=\"true\" aria-invalid=\"false\" value=\"\" type=\"email\" name=\"your-email\" \/><\/span>\n\t\t<\/h4>\n\t\t<h4><label for=\"your-subject\">Betreff<\/label><br \/>\n<span class=\"wpcf7-form-control-wrap\" data-name=\"your-subject\"><input size=\"40\" maxlength=\"400\" class=\"wpcf7-form-control wpcf7-text\" id=\"your-subject\" aria-invalid=\"false\" value=\"\" type=\"text\" name=\"your-subject\" \/><\/span>\n\t\t<\/h4>\n\t\t<h4><label for=\"your-message\">Ihre Nachricht<\/label><br \/>\n<span class=\"wpcf7-form-control-wrap\" data-name=\"your-message\"><textarea cols=\"40\" rows=\"10\" maxlength=\"2000\" class=\"wpcf7-form-control wpcf7-textarea\" id=\"your-message\" aria-invalid=\"false\" name=\"your-message\"><\/textarea><\/span>\n\t\t<\/h4>\n\t\t<p><span class=\"wpcf7-form-control-wrap\" data-name=\"acceptance-443\"><span class=\"wpcf7-form-control wpcf7-acceptance\"><span class=\"wpcf7-list-item\"><label><input type=\"checkbox\" name=\"acceptance-443\" value=\"1\" aria-invalid=\"false\" \/><span class=\"wpcf7-list-item-label\">Mit diesem Klick stimme ich der <a href=\"https:\/\/www.werbeagentur-davinci.de\/dasuer\/datenschutzerklaerung\/\" target=\"_blank\"> Datenschutzerkl\u00e4rung <\/a> zu.<\/span><\/label><\/span><\/span><\/span>\n\t\t<\/p>\n\t\t<p><input class=\"wpcf7-form-control wpcf7-submit has-spinner\" type=\"submit\" value=\"Senden\" \/>\n\t\t<\/p>\n\t<\/div>\n<\/div>\n<\/form>\n<\/div>\n[\/vc_column_inner][\/vc_row_inner][\/vc_column][\/vc_row]<\/p>\n","protected":false},"excerpt":{"rendered":"<p>[vc_row row_type=&#8220;row&#8220; use_row_as_full_screen_section=&#8220;no&#8220; type=&#8220;full_width&#8220; text_align=&#8220;left&#8220; background_animation=&#8220;none&#8220; css_animation=&#8220;&#8220;][vc_column][vc_row_inner row_type=&#8220;row&#8220; type=&#8220;grid&#8220; use_row_as_full_screen_section_slide=&#8220;no&#8220; text_align=&#8220;left&#8220; padding_top=&#8220;95&#8243; css_animation=&#8220;&#8220;][vc_column_inner width=&#8220;1\/3&#8243;][vc_empty_space height=&#8220;40px&#8220;][vc_column_text] Kreativk\u00f6pfe gesucht? &nbsp; Dann sind Sie bei uns an der richtigen Adresse! Gerne beraten wir Sie zu allen m\u00f6glichen und unm\u00f6glichen gestalterischen Ideen und finden gemeinsam mit Ihnen den passenden&#8230;<\/p>\n","protected":false},"author":3,"featured_media":0,"parent":0,"menu_order":0,"comment_status":"open","ping_status":"open","template":"full_width.php","meta":{"footnotes":""},"class_list":["post-20634","page","type-page","status-publish","hentry"],"_links":{"self":[{"href":"https:\/\/www.werbeagentur-davinci.de\/dasuer\/wp-json\/wp\/v2\/pages\/20634"}],"collection":[{"href":"https:\/\/www.werbeagentur-davinci.de\/dasuer\/wp-json\/wp\/v2\/pages"}],"about":[{"href":"https:\/\/www.werbeagentur-davinci.de\/dasuer\/wp-json\/wp\/v2\/types\/page"}],"author":[{"embeddable":true,"href":"https:\/\/www.werbeagentur-davinci.de\/dasuer\/wp-json\/wp\/v2\/users\/3"}],"replies":[{"embeddable":true,"href":"https:\/\/www.werbeagentur-davinci.de\/dasuer\/wp-json\/wp\/v2\/comments?post=20634"}],"version-history":[{"count":55,"href":"https:\/\/www.werbeagentur-davinci.de\/dasuer\/wp-json\/wp\/v2\/pages\/20634\/revisions"}],"predecessor-version":[{"id":22079,"href":"https:\/\/www.werbeagentur-davinci.de\/dasuer\/wp-json\/wp\/v2\/pages\/20634\/revisions\/22079"}],"wp:attachment":[{"href":"https:\/\/www.werbeagentur-davinci.de\/dasuer\/wp-json\/wp\/v2\/media?parent=20634"}],"curies":[{"name":"wp","href":"https:\/\/api.w.org\/{rel}","templated":true}]}}