{"id":21431,"date":"2018-03-06T17:13:32","date_gmt":"2018-03-06T15:13:32","guid":{"rendered":"http:\/\/www.werbeagentur-davinci.de\/dasuer\/?page_id=21431"},"modified":"2022-10-07T12:41:55","modified_gmt":"2022-10-07T10:41:55","slug":"konzeption-kommunikation","status":"publish","type":"page","link":"https:\/\/www.werbeagentur-davinci.de\/dasuer\/konzeption-kommunikation\/","title":{"rendered":"KONZEPTION \/ KOMMUNIKATION"},"content":{"rendered":"<p>[vc_row row_type=&#8220;row&#8220; use_row_as_full_screen_section=&#8220;no&#8220; type=&#8220;grid&#8220; text_align=&#8220;center&#8220; background_animation=&#8220;none&#8220; padding_top=&#8220;40&#8243; padding_bottom=&#8220;40&#8243; css_animation=&#8220;&#8220;][vc_column][vc_column_text]<\/p>\n<h2>Ganzheitlicher Auftritt eines Unternehmens<\/h2>\n<p>[\/vc_column_text][vc_separator type=&#8220;normal&#8220; border_style=&#8220;&#8220;][\/vc_column][\/vc_row][vc_row row_type=&#8220;row&#8220; use_row_as_full_screen_section=&#8220;no&#8220; type=&#8220;full_width&#8220; text_align=&#8220;left&#8220; background_animation=&#8220;none&#8220; padding_bottom=&#8220;25&#8243; css_animation=&#8220;&#8220;][vc_column width=&#8220;1\/3&#8243;][vc_column_text]Ein individuelles Firmenbild ist ebenso wichtig wie die einheitliche Gestaltung Ihres Auftretens \u2013 vom Logo, \u00fcber Briefkopf und Visitenkarten, bis hin zur perfekt angepassten Website. Wir entwickeln f\u00fcr Sie eine passende Firmenidentit\u00e4t, die Ihr Unternehmen widerspiegelt, das Erscheinungsbild pr\u00e4gt und einen seri\u00f6sen Eindruck garantiert.[\/vc_column_text][\/vc_column][vc_column width=&#8220;1\/3&#8243;]<div class='q_list circle'><\/p>\n<ul style=\"text-align: left;\">\n<li>Logoentwicklung<\/li>\n<li>Aquisition<\/li>\n<li>Corporate identities \/ Corporate designs<\/li>\n<li>Ganzheitliche Gesch\u00e4ftsausstattungen<\/li>\n<\/ul>\n<p><\/div>[\/vc_column][vc_column width=&#8220;1\/3&#8243;]<div class='q_list circle'><\/p>\n<ul>\n<li>Kampagnen<\/li>\n<li>Internetauftritte<\/li>\n<li>Videoproduktion<\/li>\n<li>und vieles mehr!<\/li>\n<\/ul>\n<p><\/div>[\/vc_column][\/vc_row][vc_row row_type=&#8220;row&#8220; use_row_as_full_screen_section=&#8220;no&#8220; type=&#8220;full_width&#8220; text_align=&#8220;left&#8220; background_animation=&#8220;none&#8220; css_animation=&#8220;&#8220;][vc_column][vc_separator type=&#8220;normal&#8220; border_style=&#8220;&#8220;][\/vc_column][\/vc_row][vc_row row_type=&#8220;row&#8220; use_row_as_full_screen_section=&#8220;no&#8220; type=&#8220;full_width&#8220; text_align=&#8220;left&#8220; background_animation=&#8220;none&#8220; css_animation=&#8220;&#8220;][vc_column][vc_gallery type=&#8220;image_grid&#8220; images=&#8220;21840,21843,21842,21847,21848,21865&#8243; img_size=&#8220;medium&#8220; column_number=&#8220;3&#8243; grayscale=&#8220;no&#8220; space_between_images=&#8220;no&#8220;][vc_separator type=&#8220;normal&#8220; border_style=&#8220;&#8220;][\/vc_column][\/vc_row]<\/p>\n","protected":false},"excerpt":{"rendered":"<p>[vc_row row_type=&#8220;row&#8220; use_row_as_full_screen_section=&#8220;no&#8220; type=&#8220;grid&#8220; text_align=&#8220;center&#8220; background_animation=&#8220;none&#8220; padding_top=&#8220;40&#8243; padding_bottom=&#8220;40&#8243; css_animation=&#8220;&#8220;][vc_column][vc_column_text] Ganzheitlicher Auftritt eines Unternehmens [\/vc_column_text][vc_separator type=&#8220;normal&#8220; border_style=&#8220;&#8220;][\/vc_column][\/vc_row][vc_row row_type=&#8220;row&#8220; use_row_as_full_screen_section=&#8220;no&#8220; type=&#8220;full_width&#8220; text_align=&#8220;left&#8220; background_animation=&#8220;none&#8220; padding_bottom=&#8220;25&#8243; css_animation=&#8220;&#8220;][vc_column width=&#8220;1\/3&#8243;][vc_column_text]Ein individuelles Firmenbild ist ebenso wichtig wie die einheitliche Gestaltung Ihres Auftretens \u2013 vom Logo, \u00fcber Briefkopf und Visitenkarten, bis hin zur&#8230;<\/p>\n","protected":false},"author":3,"featured_media":0,"parent":0,"menu_order":0,"comment_status":"closed","ping_status":"closed","template":"","meta":{"footnotes":""},"class_list":["post-21431","page","type-page","status-publish","hentry"],"_links":{"self":[{"href":"https:\/\/www.werbeagentur-davinci.de\/dasuer\/wp-json\/wp\/v2\/pages\/21431"}],"collection":[{"href":"https:\/\/www.werbeagentur-davinci.de\/dasuer\/wp-json\/wp\/v2\/pages"}],"about":[{"href":"https:\/\/www.werbeagentur-davinci.de\/dasuer\/wp-json\/wp\/v2\/types\/page"}],"author":[{"embeddable":true,"href":"https:\/\/www.werbeagentur-davinci.de\/dasuer\/wp-json\/wp\/v2\/users\/3"}],"replies":[{"embeddable":true,"href":"https:\/\/www.werbeagentur-davinci.de\/dasuer\/wp-json\/wp\/v2\/comments?post=21431"}],"version-history":[{"count":21,"href":"https:\/\/www.werbeagentur-davinci.de\/dasuer\/wp-json\/wp\/v2\/pages\/21431\/revisions"}],"predecessor-version":[{"id":22069,"href":"https:\/\/www.werbeagentur-davinci.de\/dasuer\/wp-json\/wp\/v2\/pages\/21431\/revisions\/22069"}],"wp:attachment":[{"href":"https:\/\/www.werbeagentur-davinci.de\/dasuer\/wp-json\/wp\/v2\/media?parent=21431"}],"curies":[{"name":"wp","href":"https:\/\/api.w.org\/{rel}","templated":true}]}}