{"id":21769,"date":"2018-05-09T12:09:18","date_gmt":"2018-05-09T10:09:18","guid":{"rendered":"https:\/\/www.werbeagentur-davinci.de\/dasuer\/?page_id=21769"},"modified":"2021-04-28T16:18:00","modified_gmt":"2021-04-28T14:18:00","slug":"datenschutzerklaerung","status":"publish","type":"page","link":"https:\/\/www.werbeagentur-davinci.de\/dasuer\/datenschutzerklaerung\/","title":{"rendered":"Datenschutzerkl\u00e4rung"},"content":{"rendered":"<p>[vc_row row_type=&#8220;row&#8220; use_row_as_full_screen_section=&#8220;no&#8220; type=&#8220;full_width&#8220; text_align=&#8220;left&#8220; background_animation=&#8220;none&#8220; css_animation=&#8220;&#8220;][vc_column][vc_column_text]<\/p>\n<div id=\"privpol_div_rich_text_preview\" class=\"uk-width-1-1\">\n<div class=\"et_pb_module et_pb_text et_pb_text_0 et_pb_text_align_left et_pb_bg_layout_light\">\n<div class=\"et_pb_text_inner\">\n<p><strong>Datenschutzerkl\u00e4rung:<\/strong><\/p>\n<p>Wir freuen uns \u00fcber Ihr Interesse an unserer Website. Der Schutz Ihrer Privatsph\u00e4re ist f\u00fcr uns sehr wichtig. Nachstehend informieren wir Sie ausf\u00fchrlich \u00fcber den Umgang mit Ihren Daten.<\/p>\n<p>Erhebung, Verarbeitung und Nutzung Ihrer Daten<br \/>\nSie k\u00f6nnen unsere Seite besuchen, ohne Angaben zu Ihrer Person zu machen. Wir speichern lediglich Zugriffsdaten ohne Personenbezug wie z.B. den Namen Ihres Internet Service Providers, die Seite, von der aus Sie uns besuchen oder den Namen der angeforderten Datei. Diese Daten werden ausschlie\u00dflich zur Verbesserung unseres Angebotes ausgewertet und erlauben keinen R\u00fcckschluss auf Ihre Person.<br \/>\nPersonenbezogene Daten werden nur erhoben, wenn Sie uns diese im Rahmen Ihrer Kontaktanfrage freiwillig mitteilen. Wir verwenden die von ihnen mitgeteilten Daten ohne Ihre gesonderte Einwilligung ausschlie\u00dflich zur Abwicklung Ihrer Anfrage. Mit vollst\u00e4ndiger Abwicklung Ihrer Anfrage werden Ihre Daten f\u00fcr die weitere Verwendung gesperrt und gel\u00f6scht, sofern Sie nicht ausdr\u00fccklich in die weitere Nutzung Ihrer Daten eingewilligt haben.<\/p>\n<p>E-Mail: <a href=\"mailto:info@dasuer.de\">info@dasuer.de<\/a><br \/>\nAgentur DaSuer, Auf der Schlucht 35, 59379, Selm-Bork<\/p>\n<p>Datensicherheit<br \/>\nWir sichern unsere Website und sonstigen Systeme durch technische und organisatorische Ma\u00dfnahmen gegen Verlust, Zerst\u00f6rung, Zugriff, Ver\u00e4nderung oder Verbreitung Ihrer Daten durch unbefugte Personen.<\/p>\n<p>Google Analytics und andere Anwendungen zur Analyse<br \/>\nDiese Website kann Google Analytics, einen Webanalysedienst der Google Inc. (<a href=\"http:\/\/www.google.com\/\">www.google.com<\/a>) oder andere Anwendungen zur Analyse verwenden. Wird im Folgenden von \u201egoogle\u201c gesprochen, so k\u00f6nnen auch alternative Programme verwendet und Unternehmen hinzugezogen werden. Google Analytics verwendet sogenannte Cookies, Textdateien, die auf Ihrem Computer gespeichert werden und die eine Analyse der Benutzung der Website durch Sie erm\u00f6glicht. Die durch den Cookie erzeugten Informationen \u00fcber Ihre Benutzung diese Website (einschlie\u00dflich Ihrer IP-Adresse) wird an einen Server von Google in den USA \u00fcbertragen und dort gespeichert. Google wird diese Informationen benutzen, um Ihre Nutzung der Website auszuwerten, um Reports \u00fcber die Websiteaktivit\u00e4ten f\u00fcr die Websitebetreiber zusammenzustellen und um weitere mit der Websitenutzung und der Internetnutzung verbundene Dienstleistungen zu erbringen. Auch wird Google diese Informationen gegebenenfalls an Dritte \u00fcbertragen, sofern dies gesetzlich vorgeschrieben oder soweit Dritte diese Daten im Auftrag von Google verarbeiten. Sie k\u00f6nnen die Installation der Cookies durch eine entsprechende Einstellung Ihrer Browser Software verhindern; wir weisen Sie jedoch darauf hin, dass Sie in diesem Fall gegebenenfalls nicht s\u00e4mtliche Funktionen dieser Website vollumf\u00e4nglich nutzen k\u00f6nnen. Durch die Nutzung dieser Website erkl\u00e4ren Sie sich mit der Bearbeitung der \u00fcber Sie erhobenen Daten durch Google in der zuvor beschriebenen Art und Weise und zu dem zuvor benannten Zweck einverstanden.<\/p>\n<\/div>\n<\/div>\n<\/div>\n<p>[\/vc_column_text][\/vc_column][\/vc_row][vc_row row_type=&#8220;row&#8220; use_row_as_full_screen_section=&#8220;no&#8220; type=&#8220;full_width&#8220; text_align=&#8220;left&#8220; background_animation=&#8220;none&#8220; css_animation=&#8220;&#8220;][vc_column][vc_empty_space height=&#8220;40px&#8220;][\/vc_column][\/vc_row]<\/p>\n","protected":false},"excerpt":{"rendered":"<p>[vc_row row_type=&#8220;row&#8220; use_row_as_full_screen_section=&#8220;no&#8220; type=&#8220;full_width&#8220; text_align=&#8220;left&#8220; background_animation=&#8220;none&#8220; css_animation=&#8220;&#8220;][vc_column][vc_column_text] Datenschutzerkl\u00e4rung: Wir freuen uns \u00fcber Ihr Interesse an unserer Website. Der Schutz Ihrer Privatsph\u00e4re ist f\u00fcr uns sehr wichtig. Nachstehend informieren wir Sie ausf\u00fchrlich \u00fcber den Umgang mit Ihren Daten. Erhebung, Verarbeitung und Nutzung Ihrer Daten Sie k\u00f6nnen&#8230;<\/p>\n","protected":false},"author":3,"featured_media":0,"parent":0,"menu_order":0,"comment_status":"closed","ping_status":"closed","template":"","meta":{"footnotes":""},"class_list":["post-21769","page","type-page","status-publish","hentry"],"_links":{"self":[{"href":"https:\/\/www.werbeagentur-davinci.de\/dasuer\/wp-json\/wp\/v2\/pages\/21769"}],"collection":[{"href":"https:\/\/www.werbeagentur-davinci.de\/dasuer\/wp-json\/wp\/v2\/pages"}],"about":[{"href":"https:\/\/www.werbeagentur-davinci.de\/dasuer\/wp-json\/wp\/v2\/types\/page"}],"author":[{"embeddable":true,"href":"https:\/\/www.werbeagentur-davinci.de\/dasuer\/wp-json\/wp\/v2\/users\/3"}],"replies":[{"embeddable":true,"href":"https:\/\/www.werbeagentur-davinci.de\/dasuer\/wp-json\/wp\/v2\/comments?post=21769"}],"version-history":[{"count":5,"href":"https:\/\/www.werbeagentur-davinci.de\/dasuer\/wp-json\/wp\/v2\/pages\/21769\/revisions"}],"predecessor-version":[{"id":22065,"href":"https:\/\/www.werbeagentur-davinci.de\/dasuer\/wp-json\/wp\/v2\/pages\/21769\/revisions\/22065"}],"wp:attachment":[{"href":"https:\/\/www.werbeagentur-davinci.de\/dasuer\/wp-json\/wp\/v2\/media?parent=21769"}],"curies":[{"name":"wp","href":"https:\/\/api.w.org\/{rel}","templated":true}]}}